{"id":12089,"date":"2024-03-15T22:25:38","date_gmt":"2024-03-15T22:25:38","guid":{"rendered":"https:\/\/domumia.be\/menu-pranzo\/"},"modified":"2025-08-14T09:57:34","modified_gmt":"2025-08-14T09:57:34","slug":"menu-pranzo","status":"publish","type":"page","link":"https:\/\/domumia.be\/it\/menu-pranzo\/","title":{"rendered":"Men\u00f9 Pranzo"},"content":{"rendered":"\n<p class=\"has-text-align-left\">Il nostro intero menu cambia ogni mese, mentre il menu del pranzo \u00e8 diverso ogni giorno. &#13;\n<br\/><strong>Men\u00f9 pranzo: 18\u20ac = Antipasto + Primo<br\/><strong><\/strong><\/strong><\/p>\n\n\t<section id=\"yikes-mailchimp-container-1\" class=\"yikes-mailchimp-container yikes-mailchimp-container-1 \">\n\t<section class=\"yikes-mailchimp-form-description yikes-mailchimp-form-description-1\">Sign up to our newsletter to receive updates on our monthly menu.<\/section>\t\t\t<form id=\"newsletter-subscribers-1\" class=\"yikes-easy-mc-form yikes-easy-mc-form-1  \" method=\"POST\" data-attr-form-id=\"1\">\n\n\t\t\t\t\t\t\t\t\t\t\t\t\t<label for=\"yikes-easy-mc-form-1-EMAIL\"  class=\"EMAIL-label yikes-mailchimp-field-required \">\n\n\t\t\t\t\t\t\t\t\t\t<!-- dictate label visibility -->\n\t\t\t\t\t\t\t\t\t\t\t\t\t\t\t\t\t\t\t\t\t<span class=\"EMAIL-label\">\n\t\t\t\t\t\t\t\t\t\t\t\tEmail Address\t\t\t\t\t\t\t\t\t\t\t<\/span>\n\t\t\t\t\t\t\t\t\t\t\n\t\t\t\t\t\t\t\t\t\t<!-- Description Above -->\n\t\t\t\t\t\t\t\t\t\t\n\t\t\t\t\t\t\t\t\t\t<input id=\"yikes-easy-mc-form-1-EMAIL\"  name=\"EMAIL\"  placeholder=\"\"  class=\"yikes-easy-mc-email \"  required=\"required\" type=\"email\"  value=\"\">\n\n\t\t\t\t\t\t\t\t\t\t<!-- Description Below -->\n\t\t\t\t\t\t\t\t\t\t\n\t\t\t\t\t\t\t\t\t<\/label>\n\t\t\t\t\t\t\t\t\t\n\t\t\t\t<!-- Honeypot Trap -->\n\t\t\t\t<input type=\"hidden\" name=\"yikes-mailchimp-honeypot\" id=\"yikes-mailchimp-honeypot-1\" value=\"\">\n\n\t\t\t\t<!-- List ID -->\n\t\t\t\t<input type=\"hidden\" name=\"yikes-mailchimp-associated-list-id\" id=\"yikes-mailchimp-associated-list-id-1\" value=\"dd07c315bc\">\n\n\t\t\t\t<!-- The form that is being submitted! Used to display error\/success messages above the correct form -->\n\t\t\t\t<input type=\"hidden\" name=\"yikes-mailchimp-submitted-form\" id=\"yikes-mailchimp-submitted-form-1\" value=\"1\">\n\n\t\t\t\t<!-- Submit Button -->\n\t\t\t\t<button type=\"submit\" class=\"yikes-easy-mc-submit-button yikes-easy-mc-submit-button-1 btn btn-primary \"> <span class=\"yikes-mailchimp-submit-button-span-text\">Submit<\/span><\/button>\t\t\t\t<!-- Nonce Security Check -->\n\t\t\t\t<input type=\"hidden\" id=\"yikes_easy_mc_new_subscriber_1\" name=\"yikes_easy_mc_new_subscriber\" value=\"9926b7298b\">\n\t\t\t\t<input type=\"hidden\" name=\"_wp_http_referer\" value=\"\/it\/wp-json\/wp\/v2\/pages\/12089\" \/>\n\t\t\t<\/form>\n\t\t\t<!-- Mailchimp Form generated by Easy Forms for Mailchimp v6.9.0 (https:\/\/wordpress.org\/plugins\/yikes-inc-easy-mailchimp-extender\/) -->\n\n\t\t\t<\/section>\n\t","protected":false},"excerpt":{"rendered":"<p>Il nostro intero menu cambia ogni mese, mentre il menu del pranzo \u00e8 diverso ogni giorno. &#13; Men\u00f9 pranzo: 18\u20ac = Antipasto + Primo<\/p>\n","protected":false},"author":2,"featured_media":0,"parent":0,"menu_order":0,"comment_status":"closed","ping_status":"closed","template":"","meta":{"_acf_changed":false,"_monsterinsights_skip_tracking":false,"_monsterinsights_sitenote_active":false,"_monsterinsights_sitenote_note":"","_monsterinsights_sitenote_category":0,"footnotes":""},"class_list":["post-12089","page","type-page","status-publish","hentry"],"acf":[],"yoast_head":"<!-- This site is optimized with the Yoast SEO plugin v27.3 - https:\/\/yoast.com\/product\/yoast-seo-wordpress\/ -->\n<title>Men\u00f9 Pranzo &#8226; Domu Mia<\/title>\n<meta name=\"description\" content=\"Il nostro intero menu cambia ogni mese, mentre il menu del pranzo \u00e8 diverso ogni giorno. Men\u00f9 pranzo: 18\u20ac = Antipasto + Primo\" \/>\n<meta name=\"robots\" content=\"index, follow, max-snippet:-1, max-image-preview:large, max-video-preview:-1\" \/>\n<link rel=\"canonical\" href=\"https:\/\/domumia.be\/it\/menu-pranzo\/\" \/>\n<meta property=\"og:locale\" content=\"it_IT\" \/>\n<meta property=\"og:type\" content=\"article\" \/>\n<meta property=\"og:title\" content=\"Men\u00f9 Pranzo &#8226; Domu Mia\" \/>\n<meta property=\"og:description\" content=\"Il nostro intero menu cambia ogni mese, mentre il menu del pranzo \u00e8 diverso ogni giorno. Men\u00f9 pranzo: 18\u20ac = Antipasto + Primo\" \/>\n<meta property=\"og:url\" content=\"https:\/\/domumia.be\/it\/menu-pranzo\/\" \/>\n<meta property=\"og:site_name\" content=\"Domu Mia\" \/>\n<meta property=\"article:publisher\" content=\"https:\/\/www.facebook.com\/domumiabrussels\" \/>\n<meta property=\"article:modified_time\" content=\"2025-08-14T09:57:34+00:00\" \/>\n<meta property=\"og:image\" content=\"https:\/\/domumia.be\/wp-content\/uploads\/2018\/11\/catering.jpeg\" \/>\n\t<meta property=\"og:image:width\" content=\"1024\" \/>\n\t<meta property=\"og:image:height\" content=\"1024\" \/>\n\t<meta property=\"og:image:type\" content=\"image\/jpeg\" \/>\n<meta name=\"twitter:card\" content=\"summary_large_image\" \/>\n<meta name=\"twitter:label1\" content=\"Tempo di lettura stimato\" \/>\n\t<meta name=\"twitter:data1\" content=\"1 minuto\" \/>\n<script type=\"application\/ld+json\" class=\"yoast-schema-graph\">{\"@context\":\"https:\\\/\\\/schema.org\",\"@graph\":[{\"@type\":\"WebPage\",\"@id\":\"https:\\\/\\\/domumia.be\\\/it\\\/menu-pranzo\\\/\",\"url\":\"https:\\\/\\\/domumia.be\\\/it\\\/menu-pranzo\\\/\",\"name\":\"Men\u00f9 Pranzo &#8226; Domu Mia\",\"isPartOf\":{\"@id\":\"http:\\\/\\\/domumia.be\\\/fr\\\/#website\"},\"datePublished\":\"2024-03-15T22:25:38+00:00\",\"dateModified\":\"2025-08-14T09:57:34+00:00\",\"description\":\"Il nostro intero menu cambia ogni mese, mentre il menu del pranzo \u00e8 diverso ogni giorno. Men\u00f9 pranzo: 18\u20ac = Antipasto + Primo\",\"breadcrumb\":{\"@id\":\"https:\\\/\\\/domumia.be\\\/it\\\/menu-pranzo\\\/#breadcrumb\"},\"inLanguage\":\"it-IT\",\"potentialAction\":[{\"@type\":\"ReadAction\",\"target\":[\"https:\\\/\\\/domumia.be\\\/it\\\/menu-pranzo\\\/\"]}]},{\"@type\":\"BreadcrumbList\",\"@id\":\"https:\\\/\\\/domumia.be\\\/it\\\/menu-pranzo\\\/#breadcrumb\",\"itemListElement\":[{\"@type\":\"ListItem\",\"position\":1,\"name\":\"Home\",\"item\":\"https:\\\/\\\/domumia.be\\\/it\\\/home\\\/\"},{\"@type\":\"ListItem\",\"position\":2,\"name\":\"Men\u00f9 Pranzo\"}]},{\"@type\":\"WebSite\",\"@id\":\"http:\\\/\\\/domumia.be\\\/fr\\\/#website\",\"url\":\"http:\\\/\\\/domumia.be\\\/fr\\\/\",\"name\":\"Domu Mia\",\"description\":\"Restaurant Italien Uccle\",\"publisher\":{\"@id\":\"http:\\\/\\\/domumia.be\\\/fr\\\/#organization\"},\"potentialAction\":[{\"@type\":\"SearchAction\",\"target\":{\"@type\":\"EntryPoint\",\"urlTemplate\":\"http:\\\/\\\/domumia.be\\\/fr\\\/?s={search_term_string}\"},\"query-input\":{\"@type\":\"PropertyValueSpecification\",\"valueRequired\":true,\"valueName\":\"search_term_string\"}}],\"inLanguage\":\"it-IT\"},{\"@type\":\"Organization\",\"@id\":\"http:\\\/\\\/domumia.be\\\/fr\\\/#organization\",\"name\":\"Domu Mia\",\"url\":\"http:\\\/\\\/domumia.be\\\/fr\\\/\",\"logo\":{\"@type\":\"ImageObject\",\"inLanguage\":\"it-IT\",\"@id\":\"http:\\\/\\\/domumia.be\\\/fr\\\/#\\\/schema\\\/logo\\\/image\\\/\",\"url\":\"https:\\\/\\\/domumia.be\\\/wp-content\\\/uploads\\\/2018\\\/11\\\/domu-mia-logo-sfondo-bianco.jpg\",\"contentUrl\":\"https:\\\/\\\/domumia.be\\\/wp-content\\\/uploads\\\/2018\\\/11\\\/domu-mia-logo-sfondo-bianco.jpg\",\"width\":726,\"height\":385,\"caption\":\"Domu Mia\"},\"image\":{\"@id\":\"http:\\\/\\\/domumia.be\\\/fr\\\/#\\\/schema\\\/logo\\\/image\\\/\"},\"sameAs\":[\"https:\\\/\\\/www.facebook.com\\\/domumiabrussels\",\"https:\\\/\\\/www.instagram.com\\\/domumiabrussels\\\/\"]}]}<\/script>\n<!-- \/ Yoast SEO plugin. -->","yoast_head_json":{"title":"Men\u00f9 Pranzo &#8226; Domu Mia","description":"Il nostro intero menu cambia ogni mese, mentre il menu del pranzo \u00e8 diverso ogni giorno. Men\u00f9 pranzo: 18\u20ac = Antipasto + Primo","robots":{"index":"index","follow":"follow","max-snippet":"max-snippet:-1","max-image-preview":"max-image-preview:large","max-video-preview":"max-video-preview:-1"},"canonical":"https:\/\/domumia.be\/it\/menu-pranzo\/","og_locale":"it_IT","og_type":"article","og_title":"Men\u00f9 Pranzo &#8226; Domu Mia","og_description":"Il nostro intero menu cambia ogni mese, mentre il menu del pranzo \u00e8 diverso ogni giorno. Men\u00f9 pranzo: 18\u20ac = Antipasto + Primo","og_url":"https:\/\/domumia.be\/it\/menu-pranzo\/","og_site_name":"Domu Mia","article_publisher":"https:\/\/www.facebook.com\/domumiabrussels","article_modified_time":"2025-08-14T09:57:34+00:00","og_image":[{"width":1024,"height":1024,"url":"https:\/\/domumia.be\/wp-content\/uploads\/2018\/11\/catering.jpeg","type":"image\/jpeg"}],"twitter_card":"summary_large_image","twitter_misc":{"Tempo di lettura stimato":"1 minuto"},"schema":{"@context":"https:\/\/schema.org","@graph":[{"@type":"WebPage","@id":"https:\/\/domumia.be\/it\/menu-pranzo\/","url":"https:\/\/domumia.be\/it\/menu-pranzo\/","name":"Men\u00f9 Pranzo &#8226; Domu Mia","isPartOf":{"@id":"http:\/\/domumia.be\/fr\/#website"},"datePublished":"2024-03-15T22:25:38+00:00","dateModified":"2025-08-14T09:57:34+00:00","description":"Il nostro intero menu cambia ogni mese, mentre il menu del pranzo \u00e8 diverso ogni giorno. Men\u00f9 pranzo: 18\u20ac = Antipasto + Primo","breadcrumb":{"@id":"https:\/\/domumia.be\/it\/menu-pranzo\/#breadcrumb"},"inLanguage":"it-IT","potentialAction":[{"@type":"ReadAction","target":["https:\/\/domumia.be\/it\/menu-pranzo\/"]}]},{"@type":"BreadcrumbList","@id":"https:\/\/domumia.be\/it\/menu-pranzo\/#breadcrumb","itemListElement":[{"@type":"ListItem","position":1,"name":"Home","item":"https:\/\/domumia.be\/it\/home\/"},{"@type":"ListItem","position":2,"name":"Men\u00f9 Pranzo"}]},{"@type":"WebSite","@id":"http:\/\/domumia.be\/fr\/#website","url":"http:\/\/domumia.be\/fr\/","name":"Domu Mia","description":"Restaurant Italien Uccle","publisher":{"@id":"http:\/\/domumia.be\/fr\/#organization"},"potentialAction":[{"@type":"SearchAction","target":{"@type":"EntryPoint","urlTemplate":"http:\/\/domumia.be\/fr\/?s={search_term_string}"},"query-input":{"@type":"PropertyValueSpecification","valueRequired":true,"valueName":"search_term_string"}}],"inLanguage":"it-IT"},{"@type":"Organization","@id":"http:\/\/domumia.be\/fr\/#organization","name":"Domu Mia","url":"http:\/\/domumia.be\/fr\/","logo":{"@type":"ImageObject","inLanguage":"it-IT","@id":"http:\/\/domumia.be\/fr\/#\/schema\/logo\/image\/","url":"https:\/\/domumia.be\/wp-content\/uploads\/2018\/11\/domu-mia-logo-sfondo-bianco.jpg","contentUrl":"https:\/\/domumia.be\/wp-content\/uploads\/2018\/11\/domu-mia-logo-sfondo-bianco.jpg","width":726,"height":385,"caption":"Domu Mia"},"image":{"@id":"http:\/\/domumia.be\/fr\/#\/schema\/logo\/image\/"},"sameAs":["https:\/\/www.facebook.com\/domumiabrussels","https:\/\/www.instagram.com\/domumiabrussels\/"]}]}},"_links":{"self":[{"href":"https:\/\/domumia.be\/it\/wp-json\/wp\/v2\/pages\/12089","targetHints":{"allow":["GET"]}}],"collection":[{"href":"https:\/\/domumia.be\/it\/wp-json\/wp\/v2\/pages"}],"about":[{"href":"https:\/\/domumia.be\/it\/wp-json\/wp\/v2\/types\/page"}],"author":[{"embeddable":true,"href":"https:\/\/domumia.be\/it\/wp-json\/wp\/v2\/users\/2"}],"replies":[{"embeddable":true,"href":"https:\/\/domumia.be\/it\/wp-json\/wp\/v2\/comments?post=12089"}],"version-history":[{"count":4,"href":"https:\/\/domumia.be\/it\/wp-json\/wp\/v2\/pages\/12089\/revisions"}],"predecessor-version":[{"id":12980,"href":"https:\/\/domumia.be\/it\/wp-json\/wp\/v2\/pages\/12089\/revisions\/12980"}],"wp:attachment":[{"href":"https:\/\/domumia.be\/it\/wp-json\/wp\/v2\/media?parent=12089"}],"curies":[{"name":"wp","href":"https:\/\/api.w.org\/{rel}","templated":true}]}}